{"id":3778,"date":"2023-04-27T11:10:04","date_gmt":"2023-04-27T09:10:04","guid":{"rendered":"https:\/\/www.casagraciano.com\/irati-xtrem\/"},"modified":"2024-03-27T12:47:10","modified_gmt":"2024-03-27T10:47:10","slug":"irati-xtrem","status":"publish","type":"page","link":"https:\/\/www.casagraciano.com\/eu\/ingurua\/irati-xtrem\/","title":{"rendered":"Irati Xtrem"},"content":{"rendered":"<style type=\"text\/css\">@media only screen and (min-width: 1000px) and (max-width: 5000px){body.kc-css-system .kc-css-2277850{width: 100%;}}body.kc-css-system .kc-css-3578713.kc_title,body.kc-css-system .kc-css-3578713 .kc_title,body.kc-css-system .kc-css-3578713 .kc_title a.kc_title_link{color: #000000;font-size: 40px;font-weight: 600;}body.kc-css-system .kc-css-1378271 .kc_button{color: #000000;background-color: rgba(255, 255, 255, 0.98);font-size: 15px;font-weight: 600;text-transform: uppercase;letter-spacing: 2px;border: 2px solid #8e8e8e;}body.kc-css-system .kc-css-1378271{text-align: center;}body.kc-css-system .kc-css-1378271 .kc_button:hover{color: #ffffff;background-color: #ffc943;border: 2px solid #ffc943;}<\/style>\n<section class=\"kc-elm kc-css-4091299 kc_row\">\n<div class=\"kc-row-container  kc-container\">\n<div class=\"kc-wrap-columns\">\n<div class=\"kc-elm kc-css-727059 kc_col-sm-12 kc_column kc_col-sm-12\">\n<div class=\"kc-col-container\">\n<div class=\"kc-elm kc-css-3578713 kc-title-wrap \">\n<h1 class=\"kc_title\">Irat\u00ed Xtrem<\/h1>\n<\/div>\n<div class=\"kc-elm kc-css-1900675\" style=\"height: 20px; clear: both; width:100%;\"><\/div>\n<\/div>\n<\/div>\n<\/div>\n<\/div>\n<\/section>\n<section class=\"kc-elm kc-css-365774 kc_row\">\n<div class=\"kc-row-container  kc-container\">\n<div class=\"kc-wrap-columns\">\n<div class=\"kc-elm kc-css-740660 kc_col-sm-12 kc_column kc_col-sm-12\">\n<div class=\"kc-col-container\">\n<div class=\"kc-elm kc-css-3086165 kc_row kc_row_inner\">\n<div class=\"kc-elm kc-css-2277850 kc_col-sm-12 kc_column_inner kc_col-sm-12\">\n<div class=\"kc_wrapper kc-col-inner-container\">\n<div class=\"kc-elm kc-css-732152 kc_shortcode kc_single_image\">\n<p>        <img decoding=\"async\" src=\"https:\/\/www.casagraciano.com\/wp-content\/uploads\/2017\/05\/IratiXtrem.jpg\" class=\"\" alt=\"\" \/>    <\/div>\n<div class=\"kc-elm kc-css-749574\" style=\"height: 20px; clear: both; width:100%;\"><\/div>\n<div class=\"kc-elm kc-css-1829778 kc_text_block\">\n<p>Si eres un amante de la aventura y la adrenalina, no puedes perderte Irati Xtream. Esta emocionante prueba deportiva se lleva a cabo en los impresionantes paisajes naturales de la regi\u00f3n de Navarra, y es una experiencia \u00fanica que te pondr\u00e1 a prueba.<\/p>\n<p>Irati Xtream es una prueba deportiva de monta\u00f1a que incluye una carrera en bicicleta de monta\u00f1a NO competitiva de casi 80kms de BTT total con zonas duras, muy duras, t\u00e9cnicas, divertidas, arriesgadas, h\u00famedas, soleadas, sombr\u00edas. Es una de las pruebas m\u00e1s desafiantes y emocionantes de la regi\u00f3n, y atrae a participantes de todo el mundo que buscan una experiencia \u00fanica en la naturaleza.<\/p>\n<p>Si est\u00e1s pensando en participar en Irati Xtream, Casa Graciano es el lugar perfecto para alojarte durante la prueba. Nuestra casa rural te ofrece un alojamiento c\u00f3modo y acogedor en el coraz\u00f3n de la regi\u00f3n de Navarra, con f\u00e1cil acceso a los impresionantes paisajes naturales que rodean la zona.<\/p>\n<p>Adem\u00e1s, despu\u00e9s de la prueba, podr\u00e1s disfrutar de la hospitalidad y el ambiente c\u00e1lido y acogedor de nuestra casa rural, mientras te relajas y recuperas energ\u00edas despu\u00e9s de la emocionante prueba de Irati Xtream.<\/p>\n<p><strong>Te esperamos para ofrecerte una experiencia \u00fanica en la encantadora localidad de Otsagav\u00eda.<\/strong><\/p>\n<\/div>\n<div class=\"kc-elm kc-css-562744\" style=\"height: 20px; clear: both; width:100%;\"><\/div>\n<div class=\"kc-elm kc-css-1378271\">\n\t<a class=\"kc_button\" href=\"http:\/\/casagraciano.com\/entorno\/\" target=\"_self\" title=\"\" onclick=\"\" rel=\"noopener\"><br \/>\n\t\tVolver\t<\/a>\n<\/div>\n<\/div>\n<\/div>\n<\/div>\n<\/div>\n<\/div>\n<\/div>\n<\/div>\n<\/section>\n","protected":false},"excerpt":{"rendered":"<p>Irat\u00ed Xtrem Si eres un amante de la aventura y la adrenalina, no puedes perderte Irati Xtream. Esta emocionante prueba deportiva se lleva a cabo en los impresionantes paisajes naturales de la regi\u00f3n de Navarra, y es una experiencia \u00fanica que te pondr\u00e1 a prueba. Irati Xtream es una prueba deportiva de monta\u00f1a que incluye [&hellip;]<\/p>\n","protected":false},"author":1,"featured_media":0,"parent":3791,"menu_order":11,"comment_status":"closed","ping_status":"closed","template":"","meta":{"ngg_post_thumbnail":0,"footnotes":""},"class_list":["post-3778","page","type-page","status-publish","hentry"],"aioseo_notices":[],"_links":{"self":[{"href":"https:\/\/www.casagraciano.com\/eu\/wp-json\/wp\/v2\/pages\/3778","targetHints":{"allow":["GET"]}}],"collection":[{"href":"https:\/\/www.casagraciano.com\/eu\/wp-json\/wp\/v2\/pages"}],"about":[{"href":"https:\/\/www.casagraciano.com\/eu\/wp-json\/wp\/v2\/types\/page"}],"author":[{"embeddable":true,"href":"https:\/\/www.casagraciano.com\/eu\/wp-json\/wp\/v2\/users\/1"}],"replies":[{"embeddable":true,"href":"https:\/\/www.casagraciano.com\/eu\/wp-json\/wp\/v2\/comments?post=3778"}],"version-history":[{"count":1,"href":"https:\/\/www.casagraciano.com\/eu\/wp-json\/wp\/v2\/pages\/3778\/revisions"}],"predecessor-version":[{"id":3843,"href":"https:\/\/www.casagraciano.com\/eu\/wp-json\/wp\/v2\/pages\/3778\/revisions\/3843"}],"up":[{"embeddable":true,"href":"https:\/\/www.casagraciano.com\/eu\/wp-json\/wp\/v2\/pages\/3791"}],"wp:attachment":[{"href":"https:\/\/www.casagraciano.com\/eu\/wp-json\/wp\/v2\/media?parent=3778"}],"curies":[{"name":"wp","href":"https:\/\/api.w.org\/{rel}","templated":true}]}}