{"id":3779,"date":"2023-04-27T11:09:32","date_gmt":"2023-04-27T09:09:32","guid":{"rendered":"https:\/\/www.casagraciano.com\/orhipean-2\/"},"modified":"2023-04-27T11:09:32","modified_gmt":"2023-04-27T09:09:32","slug":"orhipean-2","status":"publish","type":"page","link":"https:\/\/www.casagraciano.com\/eu\/ingurua\/orhipean-2\/","title":{"rendered":"Orhipean"},"content":{"rendered":"<style type=\"text\/css\">@media only screen and (min-width: 1000px) and (max-width: 5000px){body.kc-css-system .kc-css-3653930{width: 100%;}}body.kc-css-system .kc-css-1370892.kc_title,body.kc-css-system .kc-css-1370892 .kc_title,body.kc-css-system .kc-css-1370892 .kc_title a.kc_title_link{color: #000000;font-size: 40px;font-weight: 600;}body.kc-css-system .kc-css-2264108 .kc_button{color: #000000;background-color: rgba(255, 255, 255, 0.98);font-size: 15px;font-weight: 600;text-transform: uppercase;letter-spacing: 2px;border: 2px solid #8e8e8e;}body.kc-css-system .kc-css-2264108{text-align: center;}body.kc-css-system .kc-css-2264108 .kc_button:hover{color: #ffffff;background-color: #ffc943;border: 2px solid #ffc943;}<\/style>\n<section class=\"kc-elm kc-css-1570877 kc_row\">\n<div class=\"kc-row-container  kc-container\">\n<div class=\"kc-wrap-columns\">\n<div class=\"kc-elm kc-css-50387 kc_col-sm-12 kc_column kc_col-sm-12\">\n<div class=\"kc-col-container\">\n<div class=\"kc-elm kc-css-1370892 kc-title-wrap \">\n<h1 class=\"kc_title\">Orhipean<\/h1>\n<\/div>\n<div class=\"kc-elm kc-css-4335389\" style=\"height: 20px; clear: both; width:100%;\"><\/div>\n<\/div>\n<\/div>\n<\/div>\n<\/div>\n<\/section>\n<section class=\"kc-elm kc-css-518133 kc_row\">\n<div class=\"kc-row-container  kc-container\">\n<div class=\"kc-wrap-columns\">\n<div class=\"kc-elm kc-css-3282735 kc_col-sm-12 kc_column kc_col-sm-12\">\n<div class=\"kc-col-container\">\n<div class=\"kc-elm kc-css-2413510 kc_row kc_row_inner\">\n<div class=\"kc-elm kc-css-3653930 kc_col-sm-12 kc_column_inner kc_col-sm-12\">\n<div class=\"kc_wrapper kc-col-inner-container\">\n<div class=\"kc-elm kc-css-166149 kc_shortcode kc_single_image\">\n<p>        <img decoding=\"async\" src=\"https:\/\/www.casagraciano.com\/wp-content\/uploads\/2017\/05\/Orhipean.jpg\" class=\"\" alt=\"\" \/>    <\/div>\n<div class=\"kc-elm kc-css-3167603\" style=\"height: 20px; clear: both; width:100%;\"><\/div>\n<div class=\"kc-elm kc-css-1291689 kc_text_block\">\n<p>Fiesta popular que trata de representar un d\u00eda en la vida de Otsagabia en el siglo pasado. Los vecinos de la localidad ataviados con trajes de la \u00e9poca rememoran oficios y tradiciones del pueblo y del Pirineo. Se celebra el \u00faltimo fin de semana de agosto o el primero de septiembre.<\/p>\n<\/div>\n<div class=\"kc-elm kc-css-1829810\" style=\"height: 20px; clear: both; width:100%;\"><\/div>\n<div class=\"kc-elm kc-css-2264108\">\n\t<a class=\"kc_button\" href=\"http:\/\/casagraciano.com\/entorno\/\" target=\"_self\" title=\"\" onclick=\"\" rel=\"noopener\"><br \/>\n\t\tVolver\t<\/a>\n<\/div>\n<\/div>\n<\/div>\n<\/div>\n<\/div>\n<\/div>\n<\/div>\n<\/div>\n<\/section>\n","protected":false},"excerpt":{"rendered":"<p>Orhipean Fiesta popular que trata de representar un d\u00eda en la vida de Otsagabia en el siglo pasado. Los vecinos de la localidad ataviados con trajes de la \u00e9poca rememoran oficios y tradiciones del pueblo y del Pirineo. Se celebra el \u00faltimo fin de semana de agosto o el primero de septiembre. Volver<\/p>\n","protected":false},"author":1,"featured_media":0,"parent":3791,"menu_order":10,"comment_status":"closed","ping_status":"closed","template":"","meta":{"ngg_post_thumbnail":0,"footnotes":""},"class_list":["post-3779","page","type-page","status-publish","hentry"],"aioseo_notices":[],"_links":{"self":[{"href":"https:\/\/www.casagraciano.com\/eu\/wp-json\/wp\/v2\/pages\/3779","targetHints":{"allow":["GET"]}}],"collection":[{"href":"https:\/\/www.casagraciano.com\/eu\/wp-json\/wp\/v2\/pages"}],"about":[{"href":"https:\/\/www.casagraciano.com\/eu\/wp-json\/wp\/v2\/types\/page"}],"author":[{"embeddable":true,"href":"https:\/\/www.casagraciano.com\/eu\/wp-json\/wp\/v2\/users\/1"}],"replies":[{"embeddable":true,"href":"https:\/\/www.casagraciano.com\/eu\/wp-json\/wp\/v2\/comments?post=3779"}],"version-history":[{"count":0,"href":"https:\/\/www.casagraciano.com\/eu\/wp-json\/wp\/v2\/pages\/3779\/revisions"}],"up":[{"embeddable":true,"href":"https:\/\/www.casagraciano.com\/eu\/wp-json\/wp\/v2\/pages\/3791"}],"wp:attachment":[{"href":"https:\/\/www.casagraciano.com\/eu\/wp-json\/wp\/v2\/media?parent=3779"}],"curies":[{"name":"wp","href":"https:\/\/api.w.org\/{rel}","templated":true}]}}