{"id":3780,"date":"2023-04-27T11:09:07","date_gmt":"2023-04-27T09:09:07","guid":{"rendered":"https:\/\/www.casagraciano.com\/las-almadias\/"},"modified":"2023-04-27T11:09:07","modified_gmt":"2023-04-27T09:09:07","slug":"las-almadias","status":"publish","type":"page","link":"https:\/\/www.casagraciano.com\/eu\/ingurua\/las-almadias\/","title":{"rendered":"Las almad\u00edas"},"content":{"rendered":"<style type=\"text\/css\">@media only screen and (min-width: 1000px) and (max-width: 5000px){body.kc-css-system .kc-css-2656962{width: 100%;}}body.kc-css-system .kc-css-972005.kc_title,body.kc-css-system .kc-css-972005 .kc_title,body.kc-css-system .kc-css-972005 .kc_title a.kc_title_link{color: #000000;font-size: 40px;font-weight: 600;}body.kc-css-system .kc-css-1532267 .kc_button{color: #000000;background-color: rgba(255, 255, 255, 0.98);font-size: 15px;font-weight: 600;text-transform: uppercase;letter-spacing: 2px;border: 2px solid #8e8e8e;}body.kc-css-system .kc-css-1532267{text-align: center;}body.kc-css-system .kc-css-1532267 .kc_button:hover{color: #ffffff;background-color: #ffc943;border: 2px solid #ffc943;}<\/style>\n<section class=\"kc-elm kc-css-3897605 kc_row\">\n<div class=\"kc-row-container  kc-container\">\n<div class=\"kc-wrap-columns\">\n<div class=\"kc-elm kc-css-3460260 kc_col-sm-12 kc_column kc_col-sm-12\">\n<div class=\"kc-col-container\">\n<div class=\"kc-elm kc-css-972005 kc-title-wrap \">\n<h1 class=\"kc_title\">Las almad\u00edas<\/h1>\n<\/div>\n<div class=\"kc-elm kc-css-2759532\" style=\"height: 20px; clear: both; width:100%;\"><\/div>\n<\/div>\n<\/div>\n<\/div>\n<\/div>\n<\/section>\n<section class=\"kc-elm kc-css-3371834 kc_row\">\n<div class=\"kc-row-container  kc-container\">\n<div class=\"kc-wrap-columns\">\n<div class=\"kc-elm kc-css-3208825 kc_col-sm-12 kc_column kc_col-sm-12\">\n<div class=\"kc-col-container\">\n<div class=\"kc-elm kc-css-3308616 kc_row kc_row_inner\">\n<div class=\"kc-elm kc-css-2656962 kc_col-sm-12 kc_column_inner kc_col-sm-12\">\n<div class=\"kc_wrapper kc-col-inner-container\">\n<div class=\"kc-elm kc-css-1875551 kc_shortcode kc_single_image\">\n<p>        <img decoding=\"async\" src=\"https:\/\/www.casagraciano.com\/wp-content\/uploads\/2017\/05\/almadias.jpeg\" class=\"\" alt=\"\" \/>    <\/div>\n<div class=\"kc-elm kc-css-149590\" style=\"height: 20px; clear: both; width:100%;\"><\/div>\n<div class=\"kc-elm kc-css-2170973 kc_text_block\">\n<p>Las Almadias son una tradici\u00f3n antigua de navegaci\u00f3n que se lleva a cabo en los r\u00edos de la regi\u00f3n, y es una experiencia \u00fanica y emocionante que te transportar\u00e1 en el tiempo.<\/p>\n<p>La t\u00e9cnica de las Almadias se remonta a la \u00e9poca romana, y consiste en construir balsas de madera para navegar por los r\u00edos de la regi\u00f3n. Los navegantes se sientan en la balsa y utilizan largas p\u00e9rtigas para guiarla a trav\u00e9s del agua. Es un proceso emocionante y lleno de adrenalina que te llevar\u00e1 por los impresionantes paisajes naturales de la regi\u00f3n de Navarra.<\/p>\n<p>Uno de los mejores lugares para experimentar las Almadias es en el r\u00edo Irati, que fluye cerca de la pintoresca localidad de Otsagav\u00eda. Los visitantes pueden disfrutar de un emocionante paseo en Almadias por el r\u00edo, admirando la belleza natural de la regi\u00f3n mientras se divierten en una actividad \u00fanica y emocionante.<\/p>\n<p>Adem\u00e1s de la experiencia de navegaci\u00f3n en s\u00ed, las Almadias tambi\u00e9n son una oportunidad para conocer la historia y la cultura de la regi\u00f3n de Navarra, ya que esta t\u00e9cnica antigua se ha mantenido viva durante siglos. Si deseas experimentar lo mejor que Navarra tiene para ofrecer, no puedes dejar de experimentar las Almadias durante tu escapada rural en Otsagav\u00eda.<\/p>\n<p><strong>Ven y descubre la belleza de las almad\u00edas en nuestra casa rural en Otsagav\u00eda.<\/strong><\/p>\n<\/div>\n<div class=\"kc-elm kc-css-3717341\" style=\"height: 20px; clear: both; width:100%;\"><\/div>\n<div class=\"kc-elm kc-css-1532267\">\n\t<a class=\"kc_button\" href=\"http:\/\/casagraciano.com\/entorno\/\" target=\"_self\" title=\"\" onclick=\"\" rel=\"noopener\"><br \/>\n\t\tVolver\t<\/a>\n<\/div>\n<\/div>\n<\/div>\n<\/div>\n<\/div>\n<\/div>\n<\/div>\n<\/div>\n<\/section>\n","protected":false},"excerpt":{"rendered":"<p>Las almad\u00edas Las Almadias son una tradici\u00f3n antigua de navegaci\u00f3n que se lleva a cabo en los r\u00edos de la regi\u00f3n, y es una experiencia \u00fanica y emocionante que te transportar\u00e1 en el tiempo. La t\u00e9cnica de las Almadias se remonta a la \u00e9poca romana, y consiste en construir balsas de madera para navegar por [&hellip;]<\/p>\n","protected":false},"author":1,"featured_media":0,"parent":3791,"menu_order":9,"comment_status":"closed","ping_status":"closed","template":"","meta":{"ngg_post_thumbnail":0,"footnotes":""},"class_list":["post-3780","page","type-page","status-publish","hentry"],"aioseo_notices":[],"_links":{"self":[{"href":"https:\/\/www.casagraciano.com\/eu\/wp-json\/wp\/v2\/pages\/3780","targetHints":{"allow":["GET"]}}],"collection":[{"href":"https:\/\/www.casagraciano.com\/eu\/wp-json\/wp\/v2\/pages"}],"about":[{"href":"https:\/\/www.casagraciano.com\/eu\/wp-json\/wp\/v2\/types\/page"}],"author":[{"embeddable":true,"href":"https:\/\/www.casagraciano.com\/eu\/wp-json\/wp\/v2\/users\/1"}],"replies":[{"embeddable":true,"href":"https:\/\/www.casagraciano.com\/eu\/wp-json\/wp\/v2\/comments?post=3780"}],"version-history":[{"count":0,"href":"https:\/\/www.casagraciano.com\/eu\/wp-json\/wp\/v2\/pages\/3780\/revisions"}],"up":[{"embeddable":true,"href":"https:\/\/www.casagraciano.com\/eu\/wp-json\/wp\/v2\/pages\/3791"}],"wp:attachment":[{"href":"https:\/\/www.casagraciano.com\/eu\/wp-json\/wp\/v2\/media?parent=3780"}],"curies":[{"name":"wp","href":"https:\/\/api.w.org\/{rel}","templated":true}]}}