{"id":3781,"date":"2023-04-27T11:08:42","date_gmt":"2023-04-27T09:08:42","guid":{"rendered":"https:\/\/www.casagraciano.com\/las-danzas-de-muskilda\/"},"modified":"2023-04-27T11:08:42","modified_gmt":"2023-04-27T09:08:42","slug":"las-danzas-de-muskilda","status":"publish","type":"page","link":"https:\/\/www.casagraciano.com\/eu\/ingurua\/las-danzas-de-muskilda\/","title":{"rendered":"Las danzas de Muskilda"},"content":{"rendered":"<style type=\"text\/css\">@media only screen and (min-width: 1000px) and (max-width: 5000px){body.kc-css-system .kc-css-1436953{width: 100%;}}body.kc-css-system .kc-css-110888.kc_title,body.kc-css-system .kc-css-110888 .kc_title,body.kc-css-system .kc-css-110888 .kc_title a.kc_title_link{color: #000000;font-size: 40px;font-weight: 600;}body.kc-css-system .kc-css-3587876 .kc_button{color: #000000;background-color: rgba(255, 255, 255, 0.98);font-size: 15px;font-weight: 600;text-transform: uppercase;letter-spacing: 2px;border: 2px solid #8e8e8e;}body.kc-css-system .kc-css-3587876{text-align: center;}body.kc-css-system .kc-css-3587876 .kc_button:hover{color: #ffffff;background-color: #ffc943;border: 2px solid #ffc943;}<\/style>\n<section class=\"kc-elm kc-css-3750835 kc_row\">\n<div class=\"kc-row-container  kc-container\">\n<div class=\"kc-wrap-columns\">\n<div class=\"kc-elm kc-css-2556694 kc_col-sm-12 kc_column kc_col-sm-12\">\n<div class=\"kc-col-container\">\n<div class=\"kc-elm kc-css-110888 kc-title-wrap \">\n<h1 class=\"kc_title\">Las danzas de Muskilda<\/h1>\n<\/div>\n<div class=\"kc-elm kc-css-2063328\" style=\"height: 20px; clear: both; width:100%;\"><\/div>\n<\/div>\n<\/div>\n<\/div>\n<\/div>\n<\/section>\n<section class=\"kc-elm kc-css-1269045 kc_row\">\n<div class=\"kc-row-container  kc-container\">\n<div class=\"kc-wrap-columns\">\n<div class=\"kc-elm kc-css-2447204 kc_col-sm-12 kc_column kc_col-sm-12\">\n<div class=\"kc-col-container\">\n<div class=\"kc-elm kc-css-4343914 kc_row kc_row_inner\">\n<div class=\"kc-elm kc-css-1436953 kc_col-sm-12 kc_column_inner kc_col-sm-12\">\n<div class=\"kc_wrapper kc-col-inner-container\">\n<div class=\"kc-elm kc-css-4179418 kc_shortcode kc_single_image\">\n<p>        <img decoding=\"async\" src=\"https:\/\/www.casagraciano.com\/wp-content\/uploads\/2017\/05\/Dantzaris.jpg\" class=\"\" alt=\"\" \/>    <\/div>\n<div class=\"kc-elm kc-css-2258006\" style=\"height: 20px; clear: both; width:100%;\"><\/div>\n<div class=\"kc-elm kc-css-565380 kc_text_block\">\n<p>Se han conservado a lo largo de decenas de generaciones. Integran este ciclo ritual cuatro sugerentes y expresivas danzas de palos, adem\u00e1s de un pa\u00f1uelo-danza y una jota. Los ocho danzantes, con el enmascarado personaje a la cabeza, el \u201cBobo\u201d, celebran anualmente, cada 7 y 8 de septiembre, ante la ermita de la Virgen de Muskilda, una vieja liturgia plena de simbolismo y colorido.<\/p>\n<p>El repertorio consta de cuatro paloteados que reciben los nombres de \u201cEmperador\u201d, \u201cKatxutxa\u201d, \u201cDanza\u201d y \u201cModorro\u201d, una danza con pa\u00f1uelos \u201cel Pa\u00f1uelo\u201d y la \u201cJota\u201d. Hay que a\u00f1adir el mencionado \u201cPasacalles\u201d para los desplazamientos. Estas danzas rituales se mantienen desde tiempo inmemorial, perdurando al paso de los tiempos. El primer documento escrito que hace referencia a la actuaci\u00f3n de los ocho danzantes y el bobo en Muskilda, data de 1.695. Hoy, est\u00e1n consideradas como unas de las danzas m\u00e1s emblem\u00e1ticas del folclore navarro.<\/p>\n<p>Puedes disfrutarlas el 7 y 8 de septiembre, fiestas patronales.<\/p>\n<\/div>\n<div class=\"kc-elm kc-css-2151501\" style=\"height: 20px; clear: both; width:100%;\"><\/div>\n<div class=\"kc-elm kc-css-3587876\">\n\t<a class=\"kc_button\" href=\"http:\/\/casagraciano.com\/entorno\/\" target=\"_self\" title=\"\" onclick=\"\" rel=\"noopener\"><br \/>\n\t\tVolver\t<\/a>\n<\/div>\n<\/div>\n<\/div>\n<\/div>\n<\/div>\n<\/div>\n<\/div>\n<\/div>\n<\/section>\n","protected":false},"excerpt":{"rendered":"<p>Las danzas de Muskilda Se han conservado a lo largo de decenas de generaciones. Integran este ciclo ritual cuatro sugerentes y expresivas danzas de palos, adem\u00e1s de un pa\u00f1uelo-danza y una jota. Los ocho danzantes, con el enmascarado personaje a la cabeza, el \u201cBobo\u201d, celebran anualmente, cada 7 y 8 de septiembre, ante la ermita [&hellip;]<\/p>\n","protected":false},"author":1,"featured_media":0,"parent":3791,"menu_order":8,"comment_status":"closed","ping_status":"closed","template":"","meta":{"ngg_post_thumbnail":0,"footnotes":""},"class_list":["post-3781","page","type-page","status-publish","hentry"],"aioseo_notices":[],"_links":{"self":[{"href":"https:\/\/www.casagraciano.com\/eu\/wp-json\/wp\/v2\/pages\/3781","targetHints":{"allow":["GET"]}}],"collection":[{"href":"https:\/\/www.casagraciano.com\/eu\/wp-json\/wp\/v2\/pages"}],"about":[{"href":"https:\/\/www.casagraciano.com\/eu\/wp-json\/wp\/v2\/types\/page"}],"author":[{"embeddable":true,"href":"https:\/\/www.casagraciano.com\/eu\/wp-json\/wp\/v2\/users\/1"}],"replies":[{"embeddable":true,"href":"https:\/\/www.casagraciano.com\/eu\/wp-json\/wp\/v2\/comments?post=3781"}],"version-history":[{"count":0,"href":"https:\/\/www.casagraciano.com\/eu\/wp-json\/wp\/v2\/pages\/3781\/revisions"}],"up":[{"embeddable":true,"href":"https:\/\/www.casagraciano.com\/eu\/wp-json\/wp\/v2\/pages\/3791"}],"wp:attachment":[{"href":"https:\/\/www.casagraciano.com\/eu\/wp-json\/wp\/v2\/media?parent=3781"}],"curies":[{"name":"wp","href":"https:\/\/api.w.org\/{rel}","templated":true}]}}