{"id":3782,"date":"2023-04-27T11:08:18","date_gmt":"2023-04-27T09:08:18","guid":{"rendered":"https:\/\/www.casagraciano.com\/sorogain-2\/"},"modified":"2023-04-27T11:08:18","modified_gmt":"2023-04-27T09:08:18","slug":"sorogain-2","status":"publish","type":"page","link":"https:\/\/www.casagraciano.com\/eu\/ingurua\/sorogain-2\/","title":{"rendered":"Sorogain"},"content":{"rendered":"<style type=\"text\/css\">@media only screen and (min-width: 1000px) and (max-width: 5000px){body.kc-css-system .kc-css-107851{width: 100%;}}body.kc-css-system .kc-css-3865348.kc_title,body.kc-css-system .kc-css-3865348 .kc_title,body.kc-css-system .kc-css-3865348 .kc_title a.kc_title_link{color: #000000;font-size: 40px;font-weight: 600;}body.kc-css-system .kc-css-3195526 .kc_button{color: #000000;background-color: rgba(255, 255, 255, 0.98);font-size: 15px;font-weight: 600;text-transform: uppercase;letter-spacing: 2px;border: 2px solid #8e8e8e;}body.kc-css-system .kc-css-3195526{text-align: center;}body.kc-css-system .kc-css-3195526 .kc_button:hover{color: #ffffff;background-color: #ffc943;border: 2px solid #ffc943;}<\/style>\n<section class=\"kc-elm kc-css-2641731 kc_row\">\n<div class=\"kc-row-container  kc-container\">\n<div class=\"kc-wrap-columns\">\n<div class=\"kc-elm kc-css-1627451 kc_col-sm-12 kc_column kc_col-sm-12\">\n<div class=\"kc-col-container\">\n<div class=\"kc-elm kc-css-3865348 kc-title-wrap \">\n<h1 class=\"kc_title\">Sorogain<\/h1>\n<\/div>\n<div class=\"kc-elm kc-css-1858790\" style=\"height: 20px; clear: both; width:100%;\"><\/div>\n<\/div>\n<\/div>\n<\/div>\n<\/div>\n<\/section>\n<section class=\"kc-elm kc-css-3593458 kc_row\">\n<div class=\"kc-row-container  kc-container\">\n<div class=\"kc-wrap-columns\">\n<div class=\"kc-elm kc-css-3472532 kc_col-sm-12 kc_column kc_col-sm-12\">\n<div class=\"kc-col-container\">\n<div class=\"kc-elm kc-css-1824369 kc_row kc_row_inner\">\n<div class=\"kc-elm kc-css-107851 kc_col-sm-12 kc_column_inner kc_col-sm-12\">\n<div class=\"kc_wrapper kc-col-inner-container\">\n<div class=\"kc-elm kc-css-851172 kc_shortcode kc_single_image\">\n<p>        <img decoding=\"async\" src=\"https:\/\/www.casagraciano.com\/wp-content\/uploads\/2017\/05\/sorogain.jpg\" class=\"\" alt=\"\" \/>    <\/div>\n<div class=\"kc-elm kc-css-2246855\" style=\"height: 20px; clear: both; width:100%;\"><\/div>\n<div class=\"kc-elm kc-css-24245 kc_text_block\">\n<p>Sorogain es un impresionante valle rodeado de monta\u00f1as y bosques. Este hermoso valle es el hogar de una gran variedad de flora y fauna aut\u00f3ctona, incluyendo una gran cantidad de aves, ciervos y jabal\u00edes. Los visitantes pueden disfrutar de la belleza de Sorogain en una caminata por el sendero que se extiende por el valle, ofreciendo vistas impresionantes de las monta\u00f1as circundantes y del bosque.<\/p>\n<p>Adem\u00e1s de su impresionante belleza natural, Sorogain tambi\u00e9n ofrece una gran variedad de actividades al aire libre, como senderismo, ciclismo de monta\u00f1a, escalada y pesca en los r\u00edos cercanos. Los amantes de la naturaleza pueden disfrutar de la flora y fauna aut\u00f3ctona, mientras que los aventureros pueden explorar los muchos senderos que serpentean por el valle.<\/p>\n<p>Con su ubicaci\u00f3n privilegiada cerca de Otsagav\u00eda, Sorogain es un destino perfecto para aquellos que buscan una escapada rural llena de aventura y belleza natural. Si deseas experimentar lo mejor que Navarra tiene para ofrecer, no puedes dejar de visitar Sorogain.<\/p>\n<p><strong>Ven y descubre la belleza del valle de Sorogain en nuestra casa rural en Otsagav\u00eda.<\/strong><\/p>\n<\/div>\n<div class=\"kc-elm kc-css-687714\" style=\"height: 20px; clear: both; width:100%;\"><\/div>\n<div class=\"kc-elm kc-css-3195526\">\n\t<a class=\"kc_button\" href=\"http:\/\/casagraciano.com\/entorno\/\" target=\"_self\" title=\"\" onclick=\"\" rel=\"noopener\"><br \/>\n\t\tVolver\t<\/a>\n<\/div>\n<\/div>\n<\/div>\n<\/div>\n<\/div>\n<\/div>\n<\/div>\n<\/div>\n<\/section>\n","protected":false},"excerpt":{"rendered":"<p>Sorogain Sorogain es un impresionante valle rodeado de monta\u00f1as y bosques. Este hermoso valle es el hogar de una gran variedad de flora y fauna aut\u00f3ctona, incluyendo una gran cantidad de aves, ciervos y jabal\u00edes. Los visitantes pueden disfrutar de la belleza de Sorogain en una caminata por el sendero que se extiende por el [&hellip;]<\/p>\n","protected":false},"author":1,"featured_media":0,"parent":3791,"menu_order":7,"comment_status":"closed","ping_status":"closed","template":"","meta":{"ngg_post_thumbnail":0,"footnotes":""},"class_list":["post-3782","page","type-page","status-publish","hentry"],"aioseo_notices":[],"_links":{"self":[{"href":"https:\/\/www.casagraciano.com\/eu\/wp-json\/wp\/v2\/pages\/3782","targetHints":{"allow":["GET"]}}],"collection":[{"href":"https:\/\/www.casagraciano.com\/eu\/wp-json\/wp\/v2\/pages"}],"about":[{"href":"https:\/\/www.casagraciano.com\/eu\/wp-json\/wp\/v2\/types\/page"}],"author":[{"embeddable":true,"href":"https:\/\/www.casagraciano.com\/eu\/wp-json\/wp\/v2\/users\/1"}],"replies":[{"embeddable":true,"href":"https:\/\/www.casagraciano.com\/eu\/wp-json\/wp\/v2\/comments?post=3782"}],"version-history":[{"count":0,"href":"https:\/\/www.casagraciano.com\/eu\/wp-json\/wp\/v2\/pages\/3782\/revisions"}],"up":[{"embeddable":true,"href":"https:\/\/www.casagraciano.com\/eu\/wp-json\/wp\/v2\/pages\/3791"}],"wp:attachment":[{"href":"https:\/\/www.casagraciano.com\/eu\/wp-json\/wp\/v2\/media?parent=3782"}],"curies":[{"name":"wp","href":"https:\/\/api.w.org\/{rel}","templated":true}]}}