{"id":3783,"date":"2023-04-27T11:07:56","date_gmt":"2023-04-27T09:07:56","guid":{"rendered":"https:\/\/www.casagraciano.com\/foces-de-arbayun-y-lumbier\/"},"modified":"2023-04-27T11:07:56","modified_gmt":"2023-04-27T09:07:56","slug":"foces-de-arbayun-y-lumbier","status":"publish","type":"page","link":"https:\/\/www.casagraciano.com\/eu\/ingurua\/foces-de-arbayun-y-lumbier\/","title":{"rendered":"Foces de Arbayun y Lumbier"},"content":{"rendered":"<style type=\"text\/css\">@media only screen and (min-width: 1000px) and (max-width: 5000px){body.kc-css-system .kc-css-444508{width: 100%;}}body.kc-css-system .kc-css-849349.kc_title,body.kc-css-system .kc-css-849349 .kc_title,body.kc-css-system .kc-css-849349 .kc_title a.kc_title_link{color: #000000;font-size: 40px;font-weight: 600;}body.kc-css-system .kc-css-1281668 .kc_button{color: #000000;background-color: rgba(255, 255, 255, 0.98);font-size: 15px;font-weight: 600;text-transform: uppercase;letter-spacing: 2px;border: 2px solid #8e8e8e;}body.kc-css-system .kc-css-1281668{text-align: center;}body.kc-css-system .kc-css-1281668 .kc_button:hover{color: #ffffff;background-color: #ffc943;border: 2px solid #ffc943;}<\/style>\n<section class=\"kc-elm kc-css-1729757 kc_row\">\n<div class=\"kc-row-container  kc-container\">\n<div class=\"kc-wrap-columns\">\n<div class=\"kc-elm kc-css-3024461 kc_col-sm-12 kc_column kc_col-sm-12\">\n<div class=\"kc-col-container\">\n<div class=\"kc-elm kc-css-849349 kc-title-wrap \">\n<h1 class=\"kc_title\">Foces de Arbayun y Lumbier<\/h1>\n<\/div>\n<div class=\"kc-elm kc-css-2035410\" style=\"height: 20px; clear: both; width:100%;\"><\/div>\n<\/div>\n<\/div>\n<\/div>\n<\/div>\n<\/section>\n<section class=\"kc-elm kc-css-4246107 kc_row\">\n<div class=\"kc-row-container  kc-container\">\n<div class=\"kc-wrap-columns\">\n<div class=\"kc-elm kc-css-503835 kc_col-sm-12 kc_column kc_col-sm-12\">\n<div class=\"kc-col-container\">\n<div class=\"kc-elm kc-css-2128427 kc_row kc_row_inner\">\n<div class=\"kc-elm kc-css-444508 kc_col-sm-12 kc_column_inner kc_col-sm-12\">\n<div class=\"kc_wrapper kc-col-inner-container\">\n<div class=\"kc-elm kc-css-2584196 kc_shortcode kc_single_image\">\n<p>        <img decoding=\"async\" src=\"https:\/\/www.casagraciano.com\/wp-content\/uploads\/2017\/05\/Foces.jpg\" class=\"\" alt=\"\" \/>    <\/div>\n<div class=\"kc-elm kc-css-1213550\" style=\"height: 20px; clear: both; width:100%;\"><\/div>\n<div class=\"kc-elm kc-css-2735543 kc_text_block\">\n<p>Las Foces de Arbayun son un desfiladero natural de m\u00e1s de 6 km de longitud, tallado en la roca caliza por el r\u00edo Salazar. El ca\u00f1\u00f3n es el hogar de una gran variedad de vida silvestre, incluyendo especies raras de aves como el buitre leonado y el halc\u00f3n peregrino. Los visitantes pueden disfrutar de la belleza de este paisaje natural \u00fanico en una caminata por el sendero que serpentea por el ca\u00f1\u00f3n, ofreciendo vistas impresionantes a lo largo del camino.<\/p>\n<p>Por su parte, las Foces de Lumbier son una garganta espectacular que ofrece un paisaje natural impresionante, con paredes rocosas verticales que se elevan sobre el r\u00edo Irati. Los visitantes pueden disfrutar de esta impresionante formaci\u00f3n natural a trav\u00e9s de un espectacular paseo por un sendero que atraviesa el ca\u00f1\u00f3n, pasando por un antiguo t\u00fanel ferroviario tallado en la roca.<\/p>\n<p>Adem\u00e1s de su impresionante belleza natural, tanto las Foces de Arbayun como las Foces de Lumbier ofrecen una gran variedad de actividades al aire libre, incluyendo senderismo, ciclismo de monta\u00f1a, escalada y observaci\u00f3n de aves. Con su ubicaci\u00f3n privilegiada cerca de Otsagav\u00eda, estas dos gargantas son un destino perfecto para aquellos que buscan una escapada rural llena de aventura y belleza natural.<\/p>\n<p><strong>Ven y descubre la belleza de las foces de Arbayun y Lumbier en nuestra casa rural en Otsagav\u00eda.<\/strong><\/p>\n<\/div>\n<div class=\"kc-elm kc-css-2303233\" style=\"height: 20px; clear: both; width:100%;\"><\/div>\n<div class=\"kc-elm kc-css-1281668\">\n\t<a class=\"kc_button\" href=\"http:\/\/casagraciano.com\/entorno\/\" target=\"_self\" title=\"\" onclick=\"\" rel=\"noopener\"><br \/>\n\t\tVolver\t<\/a>\n<\/div>\n<\/div>\n<\/div>\n<\/div>\n<\/div>\n<\/div>\n<\/div>\n<\/div>\n<\/section>\n","protected":false},"excerpt":{"rendered":"<p>Foces de Arbayun y Lumbier Las Foces de Arbayun son un desfiladero natural de m\u00e1s de 6 km de longitud, tallado en la roca caliza por el r\u00edo Salazar. El ca\u00f1\u00f3n es el hogar de una gran variedad de vida silvestre, incluyendo especies raras de aves como el buitre leonado y el halc\u00f3n peregrino. Los [&hellip;]<\/p>\n","protected":false},"author":1,"featured_media":0,"parent":3791,"menu_order":6,"comment_status":"closed","ping_status":"closed","template":"","meta":{"ngg_post_thumbnail":0,"footnotes":""},"class_list":["post-3783","page","type-page","status-publish","hentry"],"aioseo_notices":[],"_links":{"self":[{"href":"https:\/\/www.casagraciano.com\/eu\/wp-json\/wp\/v2\/pages\/3783","targetHints":{"allow":["GET"]}}],"collection":[{"href":"https:\/\/www.casagraciano.com\/eu\/wp-json\/wp\/v2\/pages"}],"about":[{"href":"https:\/\/www.casagraciano.com\/eu\/wp-json\/wp\/v2\/types\/page"}],"author":[{"embeddable":true,"href":"https:\/\/www.casagraciano.com\/eu\/wp-json\/wp\/v2\/users\/1"}],"replies":[{"embeddable":true,"href":"https:\/\/www.casagraciano.com\/eu\/wp-json\/wp\/v2\/comments?post=3783"}],"version-history":[{"count":0,"href":"https:\/\/www.casagraciano.com\/eu\/wp-json\/wp\/v2\/pages\/3783\/revisions"}],"up":[{"embeddable":true,"href":"https:\/\/www.casagraciano.com\/eu\/wp-json\/wp\/v2\/pages\/3791"}],"wp:attachment":[{"href":"https:\/\/www.casagraciano.com\/eu\/wp-json\/wp\/v2\/media?parent=3783"}],"curies":[{"name":"wp","href":"https:\/\/api.w.org\/{rel}","templated":true}]}}