{"id":3784,"date":"2023-04-27T11:07:35","date_gmt":"2023-04-27T09:07:35","guid":{"rendered":"https:\/\/www.casagraciano.com\/orreaga-roncesvalles-camino-de-santiago\/"},"modified":"2023-04-27T11:07:35","modified_gmt":"2023-04-27T09:07:35","slug":"orreaga-roncesvalles-camino-de-santiago","status":"publish","type":"page","link":"https:\/\/www.casagraciano.com\/eu\/ingurua\/orreaga-roncesvalles-camino-de-santiago\/","title":{"rendered":"Orreaga-Roncesvalles. Camino de Santiago"},"content":{"rendered":"<style type=\"text\/css\">@media only screen and (min-width: 1000px) and (max-width: 5000px){body.kc-css-system .kc-css-3836157{width: 100%;}}body.kc-css-system .kc-css-3058901.kc_title,body.kc-css-system .kc-css-3058901 .kc_title,body.kc-css-system .kc-css-3058901 .kc_title a.kc_title_link{color: #000000;font-size: 40px;font-weight: 600;}body.kc-css-system .kc-css-79498 .kc_button{color: #000000;background-color: rgba(255, 255, 255, 0.98);font-size: 15px;font-weight: 600;text-transform: uppercase;letter-spacing: 2px;border: 2px solid #8e8e8e;}body.kc-css-system .kc-css-79498{text-align: center;}body.kc-css-system .kc-css-79498 .kc_button:hover{color: #ffffff;background-color: #ffc943;border: 2px solid #ffc943;}<\/style>\n<section class=\"kc-elm kc-css-4314928 kc_row\">\n<div class=\"kc-row-container  kc-container\">\n<div class=\"kc-wrap-columns\">\n<div class=\"kc-elm kc-css-4073548 kc_col-sm-12 kc_column kc_col-sm-12\">\n<div class=\"kc-col-container\">\n<div class=\"kc-elm kc-css-3058901 kc-title-wrap \">\n<h1 class=\"kc_title\">Orreaga-Roncesvalles. Camino de Santiago<\/h1>\n<\/div>\n<div class=\"kc-elm kc-css-1009926\" style=\"height: 20px; clear: both; width:100%;\"><\/div>\n<\/div>\n<\/div>\n<\/div>\n<\/div>\n<\/section>\n<section class=\"kc-elm kc-css-910502 kc_row\">\n<div class=\"kc-row-container  kc-container\">\n<div class=\"kc-wrap-columns\">\n<div class=\"kc-elm kc-css-3777494 kc_col-sm-12 kc_column kc_col-sm-12\">\n<div class=\"kc-col-container\">\n<div class=\"kc-elm kc-css-825096 kc_row kc_row_inner\">\n<div class=\"kc-elm kc-css-3836157 kc_col-sm-12 kc_column_inner kc_col-sm-12\">\n<div class=\"kc_wrapper kc-col-inner-container\">\n<div class=\"kc-elm kc-css-3674505 kc_shortcode kc_single_image\">\n<p>        <img decoding=\"async\" src=\"https:\/\/www.casagraciano.com\/wp-content\/uploads\/2017\/05\/Roncesvalles.jpg\" class=\"\" alt=\"\" \/>    <\/div>\n<div class=\"kc-elm kc-css-2635801\" style=\"height: 20px; clear: both; width:100%;\"><\/div>\n<div class=\"kc-elm kc-css-2128106 kc_text_block\">\n<p>Roncesvalles es un lugar de gran importancia hist\u00f3rica y cultural ubicado en la Comunidad Foral de Navarra, muy cerca de nuestra casa rural en Otsagav\u00eda. Este lugar es conocido principalmente por ser uno de los puntos de inicio del famoso Camino de Santiago, una ruta de peregrinaci\u00f3n que recorre varias regiones de Europa.<\/p>\n<p>Adem\u00e1s de ser un lugar de gran importancia religiosa, Roncesvalles cuenta con una riqueza cultural y arquitect\u00f3nica \u00fanica en la zona. All\u00ed se encuentra el Colegiata de Santa Mar\u00eda, un impresionante edificio g\u00f3tico construido en el siglo XIII, que alberga numerosas obras de arte y objetos de gran valor hist\u00f3rico.<\/p>\n<p>Roncesvalles es tambi\u00e9n un lugar ideal para aquellos que buscan la tranquilidad y el contacto con la naturaleza, ya que se encuentra en pleno coraz\u00f3n de los Pirineos y cuenta con una gran variedad de rutas de senderismo y actividades al aire libre para disfrutar del entorno natural.<\/p>\n<p>En nuestra casa rural en Otsagav\u00eda, ofrecemos informaci\u00f3n y recomendaciones sobre las mejores actividades y lugares de inter\u00e9s en Roncesvalles y sus alrededores. Adem\u00e1s, nuestro entorno natural y privilegiado es ideal para aquellos que buscan la tranquilidad y el descanso en contacto con la naturaleza.<\/p>\n<p><strong>Ven y descubre la belleza de Roncesvalles en nuestra casa rural en Otsagav\u00eda.<\/strong><\/p>\n<\/div>\n<div class=\"kc-elm kc-css-529933\" style=\"height: 20px; clear: both; width:100%;\"><\/div>\n<div class=\"kc-elm kc-css-79498\">\n\t<a class=\"kc_button\" href=\"http:\/\/casagraciano.com\/entorno\/\" target=\"_self\" title=\"\" onclick=\"\" rel=\"noopener\"><br \/>\n\t\tVolver\t<\/a>\n<\/div>\n<\/div>\n<\/div>\n<\/div>\n<\/div>\n<\/div>\n<\/div>\n<\/div>\n<\/section>\n","protected":false},"excerpt":{"rendered":"<p>Orreaga-Roncesvalles. Camino de Santiago Roncesvalles es un lugar de gran importancia hist\u00f3rica y cultural ubicado en la Comunidad Foral de Navarra, muy cerca de nuestra casa rural en Otsagav\u00eda. Este lugar es conocido principalmente por ser uno de los puntos de inicio del famoso Camino de Santiago, una ruta de peregrinaci\u00f3n que recorre varias regiones [&hellip;]<\/p>\n","protected":false},"author":1,"featured_media":0,"parent":3791,"menu_order":5,"comment_status":"closed","ping_status":"closed","template":"","meta":{"ngg_post_thumbnail":0,"footnotes":""},"class_list":["post-3784","page","type-page","status-publish","hentry"],"aioseo_notices":[],"_links":{"self":[{"href":"https:\/\/www.casagraciano.com\/eu\/wp-json\/wp\/v2\/pages\/3784","targetHints":{"allow":["GET"]}}],"collection":[{"href":"https:\/\/www.casagraciano.com\/eu\/wp-json\/wp\/v2\/pages"}],"about":[{"href":"https:\/\/www.casagraciano.com\/eu\/wp-json\/wp\/v2\/types\/page"}],"author":[{"embeddable":true,"href":"https:\/\/www.casagraciano.com\/eu\/wp-json\/wp\/v2\/users\/1"}],"replies":[{"embeddable":true,"href":"https:\/\/www.casagraciano.com\/eu\/wp-json\/wp\/v2\/comments?post=3784"}],"version-history":[{"count":0,"href":"https:\/\/www.casagraciano.com\/eu\/wp-json\/wp\/v2\/pages\/3784\/revisions"}],"up":[{"embeddable":true,"href":"https:\/\/www.casagraciano.com\/eu\/wp-json\/wp\/v2\/pages\/3791"}],"wp:attachment":[{"href":"https:\/\/www.casagraciano.com\/eu\/wp-json\/wp\/v2\/media?parent=3784"}],"curies":[{"name":"wp","href":"https:\/\/api.w.org\/{rel}","templated":true}]}}