{"id":3785,"date":"2023-04-27T11:07:12","date_gmt":"2023-04-27T09:07:12","guid":{"rendered":"https:\/\/www.casagraciano.com\/larra-belagua-valle-de-roncal\/"},"modified":"2023-04-27T11:07:12","modified_gmt":"2023-04-27T09:07:12","slug":"larra-belagua-valle-de-roncal","status":"publish","type":"page","link":"https:\/\/www.casagraciano.com\/eu\/ingurua\/larra-belagua-valle-de-roncal\/","title":{"rendered":"Larra-Belagua (Valle de Roncal)"},"content":{"rendered":"<style type=\"text\/css\">@media only screen and (min-width: 1000px) and (max-width: 5000px){body.kc-css-system .kc-css-794372{width: 100%;}}body.kc-css-system .kc-css-3243354.kc_title,body.kc-css-system .kc-css-3243354 .kc_title,body.kc-css-system .kc-css-3243354 .kc_title a.kc_title_link{color: #000000;font-size: 40px;font-weight: 600;}body.kc-css-system .kc-css-2363702 .kc_button{color: #000000;background-color: rgba(255, 255, 255, 0.98);font-size: 15px;font-weight: 600;text-transform: uppercase;letter-spacing: 2px;border: 2px solid #8e8e8e;}body.kc-css-system .kc-css-2363702{text-align: center;}body.kc-css-system .kc-css-2363702 .kc_button:hover{color: #ffffff;background-color: #ffc943;border: 2px solid #ffc943;}<\/style>\n<section class=\"kc-elm kc-css-2722180 kc_row\">\n<div class=\"kc-row-container  kc-container\">\n<div class=\"kc-wrap-columns\">\n<div class=\"kc-elm kc-css-2555157 kc_col-sm-12 kc_column kc_col-sm-12\">\n<div class=\"kc-col-container\">\n<div class=\"kc-elm kc-css-3243354 kc-title-wrap \">\n<h1 class=\"kc_title\">Larra-Belagua (Valle de Roncal)<\/h1>\n<\/div>\n<div class=\"kc-elm kc-css-4285044\" style=\"height: 20px; clear: both; width:100%;\"><\/div>\n<\/div>\n<\/div>\n<\/div>\n<\/div>\n<\/section>\n<section class=\"kc-elm kc-css-3397175 kc_row\">\n<div class=\"kc-row-container  kc-container\">\n<div class=\"kc-wrap-columns\">\n<div class=\"kc-elm kc-css-1659683 kc_col-sm-12 kc_column kc_col-sm-12\">\n<div class=\"kc-col-container\">\n<div class=\"kc-elm kc-css-2532558 kc_row kc_row_inner\">\n<div class=\"kc-elm kc-css-794372 kc_col-sm-12 kc_column_inner kc_col-sm-12\">\n<div class=\"kc_wrapper kc-col-inner-container\">\n<div class=\"kc-elm kc-css-1035381 kc_shortcode kc_single_image\">\n<p>        <img decoding=\"async\" src=\"https:\/\/www.casagraciano.com\/wp-content\/uploads\/2017\/05\/LarraBelagua.jpg\" class=\"\" alt=\"\" \/>    <\/div>\n<div class=\"kc-elm kc-css-1092154\" style=\"height: 20px; clear: both; width:100%;\"><\/div>\n<div class=\"kc-elm kc-css-3406586 kc_text_block\">\n<p>Larra-Belagua es una zona monta\u00f1osa de gran belleza natural ubicada en el Valle de Roncal, muy cerca de nuestra casa rural en Otsagav\u00eda. Esta zona es ideal para los amantes de la monta\u00f1a y el senderismo, ya que cuenta con una gran cantidad de rutas y senderos para recorrer y disfrutar del paisaje.<\/p>\n<p>En Larra-Belagua, los visitantes pueden disfrutar de impresionantes paisajes de monta\u00f1as, bosques de hayas y abetos, cascadas y r\u00edos de aguas cristalinas. Adem\u00e1s, esta zona es el hogar de una gran variedad de fauna y flora aut\u00f3ctona, lo que hace de ella un lugar de gran inter\u00e9s natural.<\/p>\n<p>En esta zona, tambi\u00e9n se pueden encontrar varios refugios de monta\u00f1a y caba\u00f1as para aquellos que deseen pasar la noche en plena naturaleza y disfrutar de una experiencia \u00fanica en contacto con la naturaleza. Adem\u00e1s, la zona de Larra-Belagua cuenta con varias estaciones de esqu\u00ed, por lo que es ideal para aquellos que buscan practicar deportes de invierno.<\/p>\n<p>En nuestra casa rural en Otsagav\u00eda, ofrecemos informaci\u00f3n y recomendaciones sobre las mejores rutas de senderismo en Larra-Belagua y otras actividades para que su estancia en nuestra casa rural sea una experiencia inolvidable. Adem\u00e1s, nuestro entorno natural y privilegiado es ideal para aquellos que buscan la tranquilidad y el descanso en contacto con la naturaleza.<\/p>\n<p><strong>\u00a0Ven y descubre la belleza de Larra-Belagua en nuestra casa rural en Otsagav\u00eda.<\/strong><\/p>\n<\/div>\n<div class=\"kc-elm kc-css-3866611\" style=\"height: 20px; clear: both; width:100%;\"><\/div>\n<div class=\"kc-elm kc-css-2363702\">\n\t<a class=\"kc_button\" href=\"http:\/\/casagraciano.com\/entorno\/\" target=\"_self\" title=\"\" onclick=\"\" rel=\"noopener\"><br \/>\n\t\tVolver\t<\/a>\n<\/div>\n<\/div>\n<\/div>\n<\/div>\n<\/div>\n<\/div>\n<\/div>\n<\/div>\n<\/section>\n","protected":false},"excerpt":{"rendered":"<p>Larra-Belagua (Valle de Roncal) Larra-Belagua es una zona monta\u00f1osa de gran belleza natural ubicada en el Valle de Roncal, muy cerca de nuestra casa rural en Otsagav\u00eda. Esta zona es ideal para los amantes de la monta\u00f1a y el senderismo, ya que cuenta con una gran cantidad de rutas y senderos para recorrer y disfrutar [&hellip;]<\/p>\n","protected":false},"author":1,"featured_media":0,"parent":3791,"menu_order":4,"comment_status":"closed","ping_status":"closed","template":"","meta":{"ngg_post_thumbnail":0,"footnotes":""},"class_list":["post-3785","page","type-page","status-publish","hentry"],"aioseo_notices":[],"_links":{"self":[{"href":"https:\/\/www.casagraciano.com\/eu\/wp-json\/wp\/v2\/pages\/3785","targetHints":{"allow":["GET"]}}],"collection":[{"href":"https:\/\/www.casagraciano.com\/eu\/wp-json\/wp\/v2\/pages"}],"about":[{"href":"https:\/\/www.casagraciano.com\/eu\/wp-json\/wp\/v2\/types\/page"}],"author":[{"embeddable":true,"href":"https:\/\/www.casagraciano.com\/eu\/wp-json\/wp\/v2\/users\/1"}],"replies":[{"embeddable":true,"href":"https:\/\/www.casagraciano.com\/eu\/wp-json\/wp\/v2\/comments?post=3785"}],"version-history":[{"count":0,"href":"https:\/\/www.casagraciano.com\/eu\/wp-json\/wp\/v2\/pages\/3785\/revisions"}],"up":[{"embeddable":true,"href":"https:\/\/www.casagraciano.com\/eu\/wp-json\/wp\/v2\/pages\/3791"}],"wp:attachment":[{"href":"https:\/\/www.casagraciano.com\/eu\/wp-json\/wp\/v2\/media?parent=3785"}],"curies":[{"name":"wp","href":"https:\/\/api.w.org\/{rel}","templated":true}]}}