{"id":3786,"date":"2023-04-27T11:06:31","date_gmt":"2023-04-27T09:06:31","guid":{"rendered":"https:\/\/www.casagraciano.com\/pico-de-orhi\/"},"modified":"2023-04-27T11:06:31","modified_gmt":"2023-04-27T09:06:31","slug":"pico-de-orhi","status":"publish","type":"page","link":"https:\/\/www.casagraciano.com\/eu\/ingurua\/pico-de-orhi\/","title":{"rendered":"Pico de Orhi"},"content":{"rendered":"<style type=\"text\/css\">@media only screen and (min-width: 1000px) and (max-width: 5000px){body.kc-css-system .kc-css-670561{width: 100%;}}body.kc-css-system .kc-css-700839.kc_title,body.kc-css-system .kc-css-700839 .kc_title,body.kc-css-system .kc-css-700839 .kc_title a.kc_title_link{color: #000000;font-size: 40px;font-weight: 600;}body.kc-css-system .kc-css-2230488 .kc_button{color: #000000;background-color: rgba(255, 255, 255, 0.98);font-size: 15px;font-weight: 600;text-transform: uppercase;letter-spacing: 2px;border: 2px solid #8e8e8e;}body.kc-css-system .kc-css-2230488{text-align: center;}body.kc-css-system .kc-css-2230488 .kc_button:hover{color: #ffffff;background-color: #ffc943;border: 2px solid #ffc943;}<\/style>\n<section class=\"kc-elm kc-css-671938 kc_row\">\n<div class=\"kc-row-container  kc-container\">\n<div class=\"kc-wrap-columns\">\n<div class=\"kc-elm kc-css-2903484 kc_col-sm-12 kc_column kc_col-sm-12\">\n<div class=\"kc-col-container\">\n<div class=\"kc-elm kc-css-700839 kc-title-wrap \">\n<h1 class=\"kc_title\">Pico de Orhi<\/h1>\n<\/div>\n<div class=\"kc-elm kc-css-64292\" style=\"height: 20px; clear: both; width:100%;\"><\/div>\n<\/div>\n<\/div>\n<\/div>\n<\/div>\n<\/section>\n<section class=\"kc-elm kc-css-3746016 kc_row\">\n<div class=\"kc-row-container  kc-container\">\n<div class=\"kc-wrap-columns\">\n<div class=\"kc-elm kc-css-3148183 kc_col-sm-12 kc_column kc_col-sm-12\">\n<div class=\"kc-col-container\">\n<div class=\"kc-elm kc-css-1053957 kc_row kc_row_inner\">\n<div class=\"kc-elm kc-css-670561 kc_col-sm-12 kc_column_inner kc_col-sm-12\">\n<div class=\"kc_wrapper kc-col-inner-container\">\n<div class=\"kc-elm kc-css-2962037 kc_shortcode kc_single_image\">\n<p>        <img decoding=\"async\" src=\"https:\/\/www.casagraciano.com\/wp-content\/uploads\/2017\/05\/Orhi.jpg\" class=\"\" alt=\"\" \/>    <\/div>\n<div class=\"kc-elm kc-css-767342\" style=\"height: 20px; clear: both; width:100%;\"><\/div>\n<div class=\"kc-elm kc-css-1547035 kc_text_block\">\n<p>El Pico de Orhi, tambi\u00e9n conocido como Ori, es la cumbre m\u00e1s alta de la zona de Otsagav\u00eda y uno de los lugares m\u00e1s impresionantes de la Comunidad Foral de Navarra. Con una altura de 2.017 metros, el Pico de Orhi ofrece unas vistas impresionantes del paisaje navarro y es uno de los destinos favoritos de los amantes del senderismo y la monta\u00f1a.<\/p>\n<p>El ascenso al Pico de Orhi es una experiencia \u00fanica que permite disfrutar de la belleza del entorno natural de la zona de Otsagav\u00eda. La ruta de ascenso, que tiene una duraci\u00f3n de unas 4-5 horas, transcurre por bosques de hayas y abetos, cascadas y r\u00edos de aguas cristalinas. Una vez en la cumbre, los visitantes pueden disfrutar de unas vistas panor\u00e1micas impresionantes del Valle de Roncal, el Valle de Aezkoa y el Pirineo.<\/p>\n<p>En nuestra casa rural en Otsagav\u00eda, ofrecemos informaci\u00f3n y recomendaciones sobre las mejores rutas de senderismo para ascender al Pico de Orhi y otras actividades para que su estancia en nuestra casa rural sea una experiencia inolvidable. Adem\u00e1s, nuestro entorno natural y privilegiado es ideal para aquellos que buscan la tranquilidad y el descanso en contacto con la naturaleza.<\/p>\n<p><strong>Ven y descubre la belleza del Pico de Orhi en nuestra casa rural en Otsagav\u00eda.<\/strong><\/p>\n<\/div>\n<div class=\"kc-elm kc-css-2125912\" style=\"height: 20px; clear: both; width:100%;\"><\/div>\n<div class=\"kc-elm kc-css-2230488\">\n\t<a class=\"kc_button\" href=\"http:\/\/casagraciano.com\/entorno\/\" target=\"_self\" title=\"\" onclick=\"\" rel=\"noopener\"><br \/>\n\t\tVolver\t<\/a>\n<\/div>\n<\/div>\n<\/div>\n<\/div>\n<\/div>\n<\/div>\n<\/div>\n<\/div>\n<\/section>\n","protected":false},"excerpt":{"rendered":"<p>Pico de Orhi El Pico de Orhi, tambi\u00e9n conocido como Ori, es la cumbre m\u00e1s alta de la zona de Otsagav\u00eda y uno de los lugares m\u00e1s impresionantes de la Comunidad Foral de Navarra. Con una altura de 2.017 metros, el Pico de Orhi ofrece unas vistas impresionantes del paisaje navarro y es uno de [&hellip;]<\/p>\n","protected":false},"author":1,"featured_media":0,"parent":3791,"menu_order":3,"comment_status":"closed","ping_status":"closed","template":"","meta":{"ngg_post_thumbnail":0,"footnotes":""},"class_list":["post-3786","page","type-page","status-publish","hentry"],"aioseo_notices":[],"_links":{"self":[{"href":"https:\/\/www.casagraciano.com\/eu\/wp-json\/wp\/v2\/pages\/3786","targetHints":{"allow":["GET"]}}],"collection":[{"href":"https:\/\/www.casagraciano.com\/eu\/wp-json\/wp\/v2\/pages"}],"about":[{"href":"https:\/\/www.casagraciano.com\/eu\/wp-json\/wp\/v2\/types\/page"}],"author":[{"embeddable":true,"href":"https:\/\/www.casagraciano.com\/eu\/wp-json\/wp\/v2\/users\/1"}],"replies":[{"embeddable":true,"href":"https:\/\/www.casagraciano.com\/eu\/wp-json\/wp\/v2\/comments?post=3786"}],"version-history":[{"count":0,"href":"https:\/\/www.casagraciano.com\/eu\/wp-json\/wp\/v2\/pages\/3786\/revisions"}],"up":[{"embeddable":true,"href":"https:\/\/www.casagraciano.com\/eu\/wp-json\/wp\/v2\/pages\/3791"}],"wp:attachment":[{"href":"https:\/\/www.casagraciano.com\/eu\/wp-json\/wp\/v2\/media?parent=3786"}],"curies":[{"name":"wp","href":"https:\/\/api.w.org\/{rel}","templated":true}]}}