{"id":3787,"date":"2023-04-27T11:05:44","date_gmt":"2023-04-27T09:05:44","guid":{"rendered":"https:\/\/www.casagraciano.com\/santuario-de-nuestra-senora-de-muskilda\/"},"modified":"2023-04-27T11:05:44","modified_gmt":"2023-04-27T09:05:44","slug":"santuario-de-nuestra-senora-de-muskilda","status":"publish","type":"page","link":"https:\/\/www.casagraciano.com\/eu\/ingurua\/santuario-de-nuestra-senora-de-muskilda\/","title":{"rendered":"Santuario de Nuestra Se\u00f1ora de Muskilda"},"content":{"rendered":"<style type=\"text\/css\">@media only screen and (min-width: 1000px) and (max-width: 5000px){body.kc-css-system .kc-css-1445388{width: 100%;}}body.kc-css-system .kc-css-2690711.kc_title,body.kc-css-system .kc-css-2690711 .kc_title,body.kc-css-system .kc-css-2690711 .kc_title a.kc_title_link{color: #000000;font-size: 40px;font-weight: 600;}body.kc-css-system .kc-css-3913350 .kc_button{color: #000000;background-color: rgba(255, 255, 255, 0.98);font-size: 15px;font-weight: 600;text-transform: uppercase;letter-spacing: 2px;border: 2px solid #8e8e8e;}body.kc-css-system .kc-css-3913350{text-align: center;}body.kc-css-system .kc-css-3913350 .kc_button:hover{color: #ffffff;background-color: #ffc943;border: 2px solid #ffc943;}<\/style>\n<section class=\"kc-elm kc-css-1636681 kc_row\">\n<div class=\"kc-row-container  kc-container\">\n<div class=\"kc-wrap-columns\">\n<div class=\"kc-elm kc-css-773622 kc_col-sm-12 kc_column kc_col-sm-12\">\n<div class=\"kc-col-container\">\n<div class=\"kc-elm kc-css-2690711 kc-title-wrap \">\n<h1 class=\"kc_title\">Santuario de Nuestra Se\u00f1ora de Muskilda<\/h1>\n<\/div>\n<div class=\"kc-elm kc-css-1402777\" style=\"height: 20px; clear: both; width:100%;\"><\/div>\n<\/div>\n<\/div>\n<\/div>\n<\/div>\n<\/section>\n<section class=\"kc-elm kc-css-4268948 kc_row\">\n<div class=\"kc-row-container  kc-container\">\n<div class=\"kc-wrap-columns\">\n<div class=\"kc-elm kc-css-2180567 kc_col-sm-12 kc_column kc_col-sm-12\">\n<div class=\"kc-col-container\">\n<div class=\"kc-elm kc-css-4276490 kc_row kc_row_inner\">\n<div class=\"kc-elm kc-css-1445388 kc_col-sm-12 kc_column_inner kc_col-sm-12\">\n<div class=\"kc_wrapper kc-col-inner-container\">\n<div class=\"kc-elm kc-css-39224 kc_shortcode kc_single_image\">\n<p>        <img decoding=\"async\" src=\"https:\/\/www.casagraciano.com\/wp-content\/uploads\/2017\/05\/muskilda.jpg\" class=\"\" alt=\"\" \/>    <\/div>\n<div class=\"kc-elm kc-css-3714088\" style=\"height: 20px; clear: both; width:100%;\"><\/div>\n<div class=\"kc-elm kc-css-3165487 kc_text_block\">\n<p>Ermita rom\u00e1nica del siglo XII restaurada a mediados del XVII. Su planta es rectangular y su torre est\u00e1 cubierta por un tejado c\u00f3nico. El Santuario de Muskilda se encuentra situado en la cima del monte del mismo nombre, a 1.025 m. Rodeado por una muralla, el recinto incluye la ermita y la casa del ermita\u00f1o y del capell\u00e1n. Se puede acceder a la misma por un sendero balizado que parte de Otsagabia o por carretera.<\/p>\n<\/div>\n<div class=\"kc-elm kc-css-747759\" style=\"height: 20px; clear: both; width:100%;\"><\/div>\n<div class=\"kc-elm kc-css-3913350\">\n\t<a class=\"kc_button\" href=\"http:\/\/casagraciano.com\/entorno\/\" target=\"_self\" title=\"\" onclick=\"\" rel=\"noopener\"><br \/>\n\t\tVolver\t<\/a>\n<\/div>\n<\/div>\n<\/div>\n<\/div>\n<\/div>\n<\/div>\n<\/div>\n<\/div>\n<\/section>\n","protected":false},"excerpt":{"rendered":"<p>Santuario de Nuestra Se\u00f1ora de Muskilda Ermita rom\u00e1nica del siglo XII restaurada a mediados del XVII. Su planta es rectangular y su torre est\u00e1 cubierta por un tejado c\u00f3nico. El Santuario de Muskilda se encuentra situado en la cima del monte del mismo nombre, a 1.025 m. Rodeado por una muralla, el recinto incluye la [&hellip;]<\/p>\n","protected":false},"author":1,"featured_media":0,"parent":3791,"menu_order":2,"comment_status":"closed","ping_status":"closed","template":"","meta":{"ngg_post_thumbnail":0,"footnotes":""},"class_list":["post-3787","page","type-page","status-publish","hentry"],"aioseo_notices":[],"_links":{"self":[{"href":"https:\/\/www.casagraciano.com\/eu\/wp-json\/wp\/v2\/pages\/3787","targetHints":{"allow":["GET"]}}],"collection":[{"href":"https:\/\/www.casagraciano.com\/eu\/wp-json\/wp\/v2\/pages"}],"about":[{"href":"https:\/\/www.casagraciano.com\/eu\/wp-json\/wp\/v2\/types\/page"}],"author":[{"embeddable":true,"href":"https:\/\/www.casagraciano.com\/eu\/wp-json\/wp\/v2\/users\/1"}],"replies":[{"embeddable":true,"href":"https:\/\/www.casagraciano.com\/eu\/wp-json\/wp\/v2\/comments?post=3787"}],"version-history":[{"count":0,"href":"https:\/\/www.casagraciano.com\/eu\/wp-json\/wp\/v2\/pages\/3787\/revisions"}],"up":[{"embeddable":true,"href":"https:\/\/www.casagraciano.com\/eu\/wp-json\/wp\/v2\/pages\/3791"}],"wp:attachment":[{"href":"https:\/\/www.casagraciano.com\/eu\/wp-json\/wp\/v2\/media?parent=3787"}],"curies":[{"name":"wp","href":"https:\/\/api.w.org\/{rel}","templated":true}]}}