{"id":3796,"date":"2017-10-23T17:14:37","date_gmt":"2017-10-23T15:14:37","guid":{"rendered":"https:\/\/www.casagraciano.com\/presentacion\/"},"modified":"2024-03-13T18:09:39","modified_gmt":"2024-03-13T16:09:39","slug":"aurkezpena","status":"publish","type":"page","link":"https:\/\/www.casagraciano.com\/eu\/aurkezpena\/","title":{"rendered":"AURKEZPENA"},"content":{"rendered":"<section class=\"kc-elm kc-css-699827 kc_row\"><div class=\"kc-row-container  kc-container\"><div class=\"kc-wrap-columns\"><div class=\"kc-elm kc-css-753223 kc_col-sm-12 kc_column kc_col-sm-12\"><div class=\"kc-col-container\"><div class=\"kc-elm kc-css-446215 kc_text_block\"><\/p>\n<style type=\"text\/css\"><span style=\"display: inline-block; width: 0px; overflow: hidden; line-height: 0;\" data-mce-type=\"bookmark\" class=\"mce_SELRES_start\">\ufeff<\/span>@media only screen and (min-width: 1000px) and (max-width: 5000px){body.kc-css-system .kc-css-3430754{width: 40.18%;}body.kc-css-system .kc-css-2362478{width: 59.81%;}body.kc-css-system .kc-css-2880761{width: 25%;}body.kc-css-system .kc-css-1925692{width: 25%;}body.kc-css-system .kc-css-611964{width: 25%;}body.kc-css-system .kc-css-1382437{width: 25%;}}body.kc-css-system .kc-css-4237176{padding-bottom: 100px;}body.kc-css-system .kc-css-2362478{padding-left: 50px;}body.kc-css-system .kc-css-3249451{padding-top: 100px;padding-bottom: 100px;}body.kc-css-system .kc-css-1833732{background: transparent url(https:\/\/www.casagraciano.com\/wp-content\/uploads\/2017\/10\/video-bg.png) center center\/cover no-repeat scroll;}body.kc-css-system .kc-css-1524343{background: #f6f6f6;padding-top: 100px;padding-bottom: 100px;}body.kc-css-system .kc-css-2270745{background: #ffffff;margin-top: -100px;}@media only screen and (max-width: 1024px){body.kc-css-system .kc-css-2270745{margin-top: 0px;}}<\/style>\n<section class=\"kc-elm kc-css-4237176 kc_row introduction_inner\" data-kc-fullwidth=\"row\">\n<div class=\"kc-row-container kc-container\">\n<div class=\"kc-wrap-columns\">\n<div class=\"kc-elm kc-css-3430754 kc_col-sm-5 kc_column kc_col-sm-5\">\n<div class=\"kc-col-container\">\n<div class=\"kc-elm kc-css-1296216 kc_shortcode kc_single_image\">\n<p><img decoding=\"async\" class=\"\" src=\"https:\/\/www.casagraciano.com\/wp-content\/uploads\/2017\/05\/CasaGraciano1.jpg\" alt=\"\"><\/p>\n<\/div>\n<\/div>\n<\/div>\n<div class=\"kc-elm kc-css-2362478 kc_col-sm-7 kc_column kc_col-sm-7\">\n<div class=\"introduction_left_text kc-col-container\">\n<div class=\"kc-elm kc-css-457147 kc_box_wrap \">\n<div class=\"resort_title\">\n<div class=\"one-one\">\n<h2>AURKEZPENA<\/h2>\n<h5>Graciano landetxea Otsagabiako hirigunean dagoen XIX. mendeko eraikin tradizionala da.<\/h5>\n<\/div>\n<\/div>\n<\/div>\n<div class=\"kc-elm kc-css-3778905 kc_text_block\">\n<p>Etxeak bi apartamentu ditu, Graciano I.a eta Graciano ii.a, biak bi plazakoak, ohe osagarria izateko aukerarekin. Nafarroako Gobernuko Turismo Departamentuak 2 hostorekin katalogatu du.<\/p>\n<p>Otsagabiak mota guztietako zerbitzuak ditu: tabernak, jatetxeak, dendak, okindegia, harategia -urdaitegia, bankuak, farmazia, posta, prentsa, internet\u2026<br \/>\nHerria Zaraitzu ibarraren iparraldean dago, 764 metroko altueran, Iratiko basoaren ondoan.Nafarroako Pirinioetako herri tipikoenetako bat bezala aurkezten da eta landa eremuko herri ederrenetakotzat jo izan da.<br \/>\nHaren ezaugarri dira Erdi Aroko zubia, kale harriztatuak eta harrizko etxe zainduak. Aipatzekoa da Andu\u00f1a ibaiaren gainean kokatuta dagoen Erdi Aroko zubia edo \u201charrizko zubia\u201d.<\/p>\n<p>Otsagabia leku pribilegiatua da, milaka urteko basoz, ur gardeneko ibaiz eta gailur garaiez inguratua. Naturak oparitzen dizkigun lasaitasun eta mirariez gozatu ahal izango duzu hemen, Iratiko basoaz, alegia.<\/p>\n<\/div>\n<\/div>\n<\/div>\n<\/div>\n<\/div>\n<\/section>\n<section class=\"kc-elm kc-css-3249451 kc_row\" data-kc-fullwidth=\"row\">\n<div class=\"kc-row-container kc-container\">\n<div class=\"kc-wrap-columns\">\n<div class=\"kc-elm kc-css-2801716 kc_col-sm-12 kc_column kc_col-sm-12\">\n<div class=\"kc-col-container\">\n<div class=\"tt-post-wrapper \">\n<div class=\"clients_slider owl-carousel\">\n<div class=\"clients_slider owl-carousel\">\n<div class=\"item\">\n<div class=\"media\">\n<div class=\"media-left\"><img loading=\"lazy\" decoding=\"async\" class=\"attachment-122x122 size-122x122 wp-post-image\" src=\"https:\/\/www.casagraciano.com\/wp-content\/uploads\/2023\/04\/nadie.png\" alt=\"\" width=\"122\" height=\"122\"><\/div>\n<div class=\"media-body\">\n<p><i class=\"hquote\">&#8220;<\/i><\/p>\n<div class=\"content-desc\">Ubicaci\u00f3n perfecta, junto al r\u00edo, la Plaza y los restaurantes del pueblo. Aparcas en la puerta. El apartamento tiene todas las comodidades necesarias para pasar unos d\u00edas de vacaciones. El trato con los propietarios ha sido perfecto.<\/div>\n<h4 class=\"entry-title\">&#8211; Javier O<\/h4>\n<\/div>\n<\/div>\n<\/div>\n<\/div>\n<div class=\"clients_slider owl-carousel\">\n<div class=\"item\">\n<div class=\"media\">\n<div class=\"media-left\"><img loading=\"lazy\" decoding=\"async\" class=\"attachment-122x122 size-122x122 wp-post-image\" src=\"https:\/\/www.casagraciano.com\/wp-content\/uploads\/2023\/04\/nadie.png\" alt=\"\" width=\"122\" height=\"122\"><\/div>\n<div class=\"media-body\">\n<p><i class=\"hquote\">&#8220;<\/i><\/p>\n<div class=\"content-desc\">La casa estupenda. Estuvimos dos personas y nuestra perrita. Es bonita, calentita y tiene de todo. El pueblo precioso y el entorno espectacular. Muchas opciones de rutas.<\/div>\n<h4 class=\"entry-title\">&#8211; Elia G<\/h4>\n<\/div>\n<\/div>\n<\/div>\n<\/div>\n<div class=\"clients_slider owl-carousel\">\n<div class=\"item\">\n<div class=\"media\">\n<div class=\"media-left\"><img loading=\"lazy\" decoding=\"async\" class=\"attachment-122x122 size-122x122 wp-post-image\" src=\"https:\/\/www.casagraciano.com\/wp-content\/uploads\/2023\/04\/nadie.png\" alt=\"\" width=\"122\" height=\"122\"><\/div>\n<div class=\"media-body\">\n<p><i class=\"hquote\">&#8220;<\/i><\/p>\n<div class=\"content-desc\">Casa acogedora, peque\u00f1a, c\u00f3moda y limpia, la cocina con todo lo necesario (cafetera, microondas, lavavajillas, horno, vitro y lavadora) con 1 habitaci\u00f3n y cama c\u00f3moda, calefacci\u00f3n, estufa, y terraza. Tiene libros, juegos para ni\u00f1os, dvd\u2026 muy recomendable. El pueblo precioso.<\/div>\n<h4 class=\"entry-title\">&#8211; Irene M.<\/h4>\n<\/div>\n<\/div>\n<\/div>\n<\/div>\n<\/div>\n<\/div>\n<\/div>\n<\/div>\n<\/div>\n<\/div>\n<\/section>\n<section class=\"kc-elm kc-css-1833732 kc_row video_area\" data-kc-fullwidth=\"row\">\n<div class=\"kc-row-container kc-container\">\n<div class=\"kc-wrap-columns\">\n<div class=\"kc-elm kc-css-3541747 kc_col-sm-12 kc_column kc_col-sm-12\">\n<div class=\"kc-col-container\">\n<div class=\"kc-elm kc-css-875096 kc_box_wrap \">\n<div class=\"video_inner\">\n<div class=\"one-one\">\n<p>Mostrar<\/p>\n<h4>UTZI ZAITEZ BESARKATZEN<\/h4>\n<h5>BASOEN BASOARENGATIK<\/h5>\n<\/div>\n<\/div>\n<\/div>\n<\/div>\n<\/div>\n<\/div>\n<\/div>\n<\/section>\n<section class=\"kc-elm kc-css-1524343 kc_row hw-counter\" data-kc-fullwidth=\"row\">\n<div class=\"kc-row-container kc-container counter-wrapper\">\n<div class=\"kc-wrap-columns\">\n<div class=\"kc-elm kc-css-4323361 kc_col-sm-12 kc_column kc_col-sm-12\">\n<div class=\"kc-col-container\">\n<div class=\"kc-elm kc-css-2270745 kc_row kc_row_inner counter-iteam\">\n<div class=\"kc-elm kc-css-2880761 kc_col-sm-3 kc_column_inner kc_col-sm-3\">\n<div class=\"kc_wrapper kc-col-inner-container\">\n<div class=\"kc-elm kc-css-3241298 kc_counter_box\">\n<p><span class=\"counterup\">5000<\/span><\/p>\n<h4>ATSEDEN GAU<\/h4>\n<\/div>\n<\/div>\n<\/div>\n<div class=\"kc-elm kc-css-1925692 kc_col-sm-3 kc_column_inner kc_col-sm-3\">\n<div class=\"kc_wrapper kc-col-inner-container\">\n<div class=\"kc-elm kc-css-859957 kc_counter_box\">\n<p><span class=\"counterup\">3.000<\/span><\/p>\n<h4>EGINDAKO IBILBIDEAK<\/h4>\n<\/div>\n<\/div>\n<\/div>\n<div class=\"kc-elm kc-css-611964 kc_col-sm-3 kc_column_inner kc_col-sm-3\">\n<div class=\"kc_wrapper kc-col-inner-container\">\n<div class=\"kc-elm kc-css-2703467 kc_counter_box\">\n<p><span class=\"counterup\">2000<\/span><\/p>\n<h4>KULTUR BISITALDIAK<\/h4>\n<\/div>\n<\/div>\n<\/div>\n<div class=\"kc-elm kc-css-1382437 kc_col-sm-3 kc_column_inner kc_col-sm-3\">\n<div class=\"kc_wrapper kc-col-inner-container\">\n<div class=\"kc-elm kc-css-4281691 kc_counter_box\">\n<p><span class=\"counterup\">1.000<\/span><\/p>\n<h4>LORTUTAKO MENDI-TONTORRAK<\/h4>\n<\/div>\n<\/div>\n<\/div>\n<\/div>\n<\/div>\n<\/div>\n<\/div>\n<\/div>\n<\/section>\n<p>\n<\/div><\/div><\/div><\/div><\/div><\/section>\n","protected":false},"excerpt":{"rendered":"","protected":false},"author":1,"featured_media":0,"parent":0,"menu_order":0,"comment_status":"closed","ping_status":"closed","template":"","meta":{"ngg_post_thumbnail":0,"footnotes":""},"class_list":["post-3796","page","type-page","status-publish","hentry"],"aioseo_notices":[],"_links":{"self":[{"href":"https:\/\/www.casagraciano.com\/eu\/wp-json\/wp\/v2\/pages\/3796","targetHints":{"allow":["GET"]}}],"collection":[{"href":"https:\/\/www.casagraciano.com\/eu\/wp-json\/wp\/v2\/pages"}],"about":[{"href":"https:\/\/www.casagraciano.com\/eu\/wp-json\/wp\/v2\/types\/page"}],"author":[{"embeddable":true,"href":"https:\/\/www.casagraciano.com\/eu\/wp-json\/wp\/v2\/users\/1"}],"replies":[{"embeddable":true,"href":"https:\/\/www.casagraciano.com\/eu\/wp-json\/wp\/v2\/comments?post=3796"}],"version-history":[{"count":3,"href":"https:\/\/www.casagraciano.com\/eu\/wp-json\/wp\/v2\/pages\/3796\/revisions"}],"predecessor-version":[{"id":3817,"href":"https:\/\/www.casagraciano.com\/eu\/wp-json\/wp\/v2\/pages\/3796\/revisions\/3817"}],"wp:attachment":[{"href":"https:\/\/www.casagraciano.com\/eu\/wp-json\/wp\/v2\/media?parent=3796"}],"curies":[{"name":"wp","href":"https:\/\/api.w.org\/{rel}","templated":true}]}}